{"id":28971,"date":"2023-09-18T19:47:21","date_gmt":"2023-09-18T17:47:21","guid":{"rendered":"https:\/\/provence-evasion.plein.ch\/?page_id=28971"},"modified":"2024-09-07T14:33:30","modified_gmt":"2024-09-07T12:33:30","slug":"la-maison","status":"publish","type":"page","link":"https:\/\/provence-evasion.ch\/fr\/das-haus\/","title":{"rendered":"La propri\u00e9t\u00e9"},"content":{"rendered":"<p>Le \u00ab mas \u00bb du XIVe si\u00e8cle, soigneusement r\u00e9nov\u00e9, est nich\u00e9 dans une colline de 10 hectares recouverte de pins et de ch\u00eanes. La cour int\u00e9rieure est am\u00e9nag\u00e9e comme un jardin proven\u00e7al.<\/p>\n\n\n\n<p>Le mas \u2013 nom donn\u00e9 \u00e0 une maison de campagne typique du sud de la France - b\u00e9n\u00e9ficie\nd\u2019une belle piscine priv\u00e9e chauff\u00e9e et s\u00e9curis\u00e9e de 10 x 5 m\u00e8tres, d\u2019un petit bain pour\nenfants et d\u2019un pool-house avec tout le confort moderne.<\/p>\n\n\n\n<p>La propri\u00e9t\u00e9 pleine de charme se situe au milieu du parc naturel \u00ab\u00a0Baronnies Proven\u00e7ales\u00a0\u00bb\ndans une nature pr\u00e9serv\u00e9e \u00e0 l\u2019abri du mistral.<\/p>\n\n\n\n<h2 class=\"wp-block-heading\">Le mas<\/h2>\n\n\n\n<p>Le mas, restaur\u00e9 et meubl\u00e9 avec beaucoup de soin, dispose de cinq chambres \u00e0 coucher r\u00e9parties entre le rez-de-chauss\u00e9e et le premier \u00e9tage. Au total, trois WC\/zones humides sont \u00e0 disposition. Un salon avec chemin\u00e9e, une grande cuisine avec coin salon ainsi qu'une cave vo\u00fbt\u00e9e historique compl\u00e8tent l'offre.<\/p>\n\n\n\n<p>La maison, la cour int\u00e9rieure et la zone de la piscine sont couvertes par le WiFi. La maison\nb\u00e9n\u00e9ficie de diverses installations Hifi et d\u2019un t\u00e9l\u00e9viseur.<\/p>\n\n\n\n<p>De nombreux livres en fran\u00e7ais et en allemand, ainsi que des jeux de soci\u00e9t\u00e9 et des jouets\nsont \u00e0 disposition.<\/p>\n\n\n\n<p>Les animaux ne sont admis qu\u2019avec l\u2019accord pr\u00e9alable des propri\u00e9taires.<\/p>\n\n\n\n<h2 class=\"wp-block-heading\">Les chambres<\/h2>\n\n\n\n<p>Chaque pi\u00e8ce a son propre style et la d\u00e9coration d\u2019int\u00e9rieur est particuli\u00e8rement soign\u00e9e.<br>Les locaux accueillants d\u00e9gagent une ambiance romantique et typiquement proven\u00e7ale. Une couleur caract\u00e9rise chaque chambre \u00e0 coucher.<br>Dans la galerie, vous d\u00e9couvrirez les multiples facettes de l'unit\u00e9.<\/p>\n\n\n\n<h2 class=\"wp-block-heading\">La cave \u00e0 vin<\/h2>\n\n\n\n<p>Ecrin en pierres apparentes, cette magnifique cave vo\u00fbt\u00e9e avec sa grande table vous accueillera pour un ap\u00e9ritif ou un repas.<\/p>\n\n\n\n<h2 class=\"wp-block-heading\">La cour int\u00e9rieure<\/h2>\n\n\n\n<p>La cour int\u00e9rieure proven\u00e7ale, intime et prot\u00e9g\u00e9e, entour\u00e9e de vieux murs, se pr\u00eate \u00e0 des heures d'insouciance sous les tilleuls ou \u00e0 des envol\u00e9es culinaires sous l'auvent. Le clapotis de l'ancien lavoir invite \u00e0 la sieste de midi. Et la petite terrasse avec vue sur le jardin proven\u00e7al est parfaite pour trinquer avec un verre de pastis \u00e0 des jours de vacances reposants.<\/p>\n\n\n\n<h2 class=\"wp-block-heading\">La piscine<\/h2>\n\n\n\n<p>Outre son bassin de 10 x 5 m\u00e8tres et le petit bain pour enfants, l\u2019espace piscine comprend\n\u00e9galement un pool-house avec cuisine d\u2019\u00e9t\u00e9, lave-vaisselle, micro-ondes, frigo, lave-linge,\ndouche et WC.<\/p>\n\n\n\n<p>L\u2019entretien de la piscine est assurer par une entreprise sp\u00e9cialis\u00e9e. L\u2019eau des bassins est\nchauff\u00e9e en avant et apr\u00e8s saison (d\u00e9but mai \u00e0 mi-octobre).<\/p>","protected":false},"excerpt":{"rendered":"<p>Der sorgf\u00e4ltig renovierte \u00ab&nbsp;Mas&nbsp;\u00bb (Bezeichnung f\u00fcr ein s\u00fcdfranz\u00f6sisches Landhaus) aus dem XIV. Jahrhundert ist eingebettet in einen 10 ha grossen, mit Pinien und Eichenb\u00e4umen bewachsenen H\u00fcgel. Der Innenhof ist wie ein provenzalischer Garten gestaltet. Das grossz\u00fcgig gestaltete Anwesen mit zahlreichen lauschigen R\u00fcckzugsm\u00f6glichkeiten verf\u00fcgt \u00fcber einen geheizten 10&#215;5 Meter grossen Pool, ein Planschbecken f\u00fcr Kinder sowie [&hellip;]<\/p>\n","protected":false},"author":1,"featured_media":29422,"parent":0,"menu_order":0,"comment_status":"closed","ping_status":"closed","template":"","meta":{"_monsterinsights_skip_tracking":false,"_monsterinsights_sitenote_active":false,"_monsterinsights_sitenote_note":"","_monsterinsights_sitenote_category":0,"footnotes":""},"class_list":["post-28971","page","type-page","status-publish","has-post-thumbnail","hentry"],"yoast_head":"<!-- This site is optimized with the Yoast SEO plugin v27.0 - https:\/\/yoast.com\/product\/yoast-seo-wordpress\/ -->\n<title>Das Anwesen - Provence Evasion<\/title>\n<meta name=\"robots\" content=\"index, follow, max-snippet:-1, max-image-preview:large, max-video-preview:-1\" \/>\n<link rel=\"canonical\" href=\"https:\/\/provence-evasion.ch\/fr\/la-maison\/\" \/>\n<meta property=\"og:locale\" content=\"fr_FR\" \/>\n<meta property=\"og:type\" content=\"article\" \/>\n<meta property=\"og:title\" content=\"Das Anwesen - Provence Evasion\" \/>\n<meta property=\"og:description\" content=\"Der sorgf\u00e4ltig renovierte \u00ab&nbsp;Mas&nbsp;\u00bb (Bezeichnung f\u00fcr ein s\u00fcdfranz\u00f6sisches Landhaus) aus dem XIV. Jahrhundert ist eingebettet in einen 10 ha grossen, mit Pinien und Eichenb\u00e4umen bewachsenen H\u00fcgel. Der Innenhof ist wie ein provenzalischer Garten gestaltet. Das grossz\u00fcgig gestaltete Anwesen mit zahlreichen lauschigen R\u00fcckzugsm\u00f6glichkeiten verf\u00fcgt \u00fcber einen geheizten 10&#215;5 Meter grossen Pool, ein Planschbecken f\u00fcr Kinder sowie [&hellip;]\" \/>\n<meta property=\"og:url\" content=\"https:\/\/provence-evasion.ch\/fr\/la-maison\/\" \/>\n<meta property=\"og:site_name\" content=\"Provence Evasion\" \/>\n<meta property=\"article:modified_time\" content=\"2024-09-07T12:33:30+00:00\" \/>\n<meta property=\"og:image\" content=\"https:\/\/provence-evasion.ch\/wp-content\/uploads\/2024\/09\/La-Reynarde-Piscine-2024-1-scaled-e1725712406184.jpg\" \/>\n\t<meta property=\"og:image:width\" content=\"2560\" \/>\n\t<meta property=\"og:image:height\" content=\"836\" \/>\n\t<meta property=\"og:image:type\" content=\"image\/jpeg\" \/>\n<meta name=\"twitter:card\" content=\"summary_large_image\" \/>\n<meta name=\"twitter:label1\" content=\"Dur\u00e9e de lecture estim\u00e9e\" \/>\n\t<meta name=\"twitter:data1\" content=\"3 minutes\" \/>\n<script type=\"application\/ld+json\" class=\"yoast-schema-graph\">{\"@context\":\"https:\/\/schema.org\",\"@graph\":[{\"@type\":\"WebPage\",\"@id\":\"https:\/\/provence-evasion.ch\/das-haus\/\",\"url\":\"https:\/\/provence-evasion.ch\/das-haus\/\",\"name\":\"Das Anwesen - Provence Evasion\",\"isPartOf\":{\"@id\":\"https:\/\/provence-evasion.ch\/#website\"},\"primaryImageOfPage\":{\"@id\":\"https:\/\/provence-evasion.ch\/das-haus\/#primaryimage\"},\"image\":{\"@id\":\"https:\/\/provence-evasion.ch\/das-haus\/#primaryimage\"},\"thumbnailUrl\":\"https:\/\/provence-evasion.ch\/wp-content\/uploads\/2024\/09\/La-Reynarde-Piscine-2024-1-scaled-e1725712406184.jpg\",\"datePublished\":\"2023-09-18T17:47:21+00:00\",\"dateModified\":\"2024-09-07T12:33:30+00:00\",\"breadcrumb\":{\"@id\":\"https:\/\/provence-evasion.ch\/das-haus\/#breadcrumb\"},\"inLanguage\":\"fr-FR\",\"potentialAction\":[{\"@type\":\"ReadAction\",\"target\":[\"https:\/\/provence-evasion.ch\/das-haus\/\"]}]},{\"@type\":\"ImageObject\",\"inLanguage\":\"fr-FR\",\"@id\":\"https:\/\/provence-evasion.ch\/das-haus\/#primaryimage\",\"url\":\"https:\/\/provence-evasion.ch\/wp-content\/uploads\/2024\/09\/La-Reynarde-Piscine-2024-1-scaled-e1725712406184.jpg\",\"contentUrl\":\"https:\/\/provence-evasion.ch\/wp-content\/uploads\/2024\/09\/La-Reynarde-Piscine-2024-1-scaled-e1725712406184.jpg\",\"width\":2560,\"height\":836},{\"@type\":\"BreadcrumbList\",\"@id\":\"https:\/\/provence-evasion.ch\/das-haus\/#breadcrumb\",\"itemListElement\":[{\"@type\":\"ListItem\",\"position\":1,\"name\":\"Startseite\",\"item\":\"https:\/\/provence-evasion.ch\/\"},{\"@type\":\"ListItem\",\"position\":2,\"name\":\"Das Anwesen\"}]},{\"@type\":\"WebSite\",\"@id\":\"https:\/\/provence-evasion.ch\/#website\",\"url\":\"https:\/\/provence-evasion.ch\/\",\"name\":\"Provence Evasion\",\"description\":\"Traumhafte Ferien in der Provence\",\"potentialAction\":[{\"@type\":\"SearchAction\",\"target\":{\"@type\":\"EntryPoint\",\"urlTemplate\":\"https:\/\/provence-evasion.ch\/?s={search_term_string}\"},\"query-input\":{\"@type\":\"PropertyValueSpecification\",\"valueRequired\":true,\"valueName\":\"search_term_string\"}}],\"inLanguage\":\"fr-FR\"}]}<\/script>\n<!-- \/ Yoast SEO plugin. -->","yoast_head_json":{"title":"Das Anwesen - Provence Evasion","robots":{"index":"index","follow":"follow","max-snippet":"max-snippet:-1","max-image-preview":"max-image-preview:large","max-video-preview":"max-video-preview:-1"},"canonical":"https:\/\/provence-evasion.ch\/fr\/la-maison\/","og_locale":"fr_FR","og_type":"article","og_title":"Das Anwesen - Provence Evasion","og_description":"Der sorgf\u00e4ltig renovierte \u00ab&nbsp;Mas&nbsp;\u00bb (Bezeichnung f\u00fcr ein s\u00fcdfranz\u00f6sisches Landhaus) aus dem XIV. Jahrhundert ist eingebettet in einen 10 ha grossen, mit Pinien und Eichenb\u00e4umen bewachsenen H\u00fcgel. Der Innenhof ist wie ein provenzalischer Garten gestaltet. Das grossz\u00fcgig gestaltete Anwesen mit zahlreichen lauschigen R\u00fcckzugsm\u00f6glichkeiten verf\u00fcgt \u00fcber einen geheizten 10&#215;5 Meter grossen Pool, ein Planschbecken f\u00fcr Kinder sowie [&hellip;]","og_url":"https:\/\/provence-evasion.ch\/fr\/la-maison\/","og_site_name":"Provence Evasion","article_modified_time":"2024-09-07T12:33:30+00:00","og_image":[{"width":2560,"height":836,"url":"https:\/\/provence-evasion.ch\/wp-content\/uploads\/2024\/09\/La-Reynarde-Piscine-2024-1-scaled-e1725712406184.jpg","type":"image\/jpeg"}],"twitter_card":"summary_large_image","twitter_misc":{"Dur\u00e9e de lecture estim\u00e9e":"3 minutes"},"schema":{"@context":"https:\/\/schema.org","@graph":[{"@type":"WebPage","@id":"https:\/\/provence-evasion.ch\/das-haus\/","url":"https:\/\/provence-evasion.ch\/das-haus\/","name":"Das Anwesen - Provence Evasion","isPartOf":{"@id":"https:\/\/provence-evasion.ch\/#website"},"primaryImageOfPage":{"@id":"https:\/\/provence-evasion.ch\/das-haus\/#primaryimage"},"image":{"@id":"https:\/\/provence-evasion.ch\/das-haus\/#primaryimage"},"thumbnailUrl":"https:\/\/provence-evasion.ch\/wp-content\/uploads\/2024\/09\/La-Reynarde-Piscine-2024-1-scaled-e1725712406184.jpg","datePublished":"2023-09-18T17:47:21+00:00","dateModified":"2024-09-07T12:33:30+00:00","breadcrumb":{"@id":"https:\/\/provence-evasion.ch\/das-haus\/#breadcrumb"},"inLanguage":"fr-FR","potentialAction":[{"@type":"ReadAction","target":["https:\/\/provence-evasion.ch\/das-haus\/"]}]},{"@type":"ImageObject","inLanguage":"fr-FR","@id":"https:\/\/provence-evasion.ch\/das-haus\/#primaryimage","url":"https:\/\/provence-evasion.ch\/wp-content\/uploads\/2024\/09\/La-Reynarde-Piscine-2024-1-scaled-e1725712406184.jpg","contentUrl":"https:\/\/provence-evasion.ch\/wp-content\/uploads\/2024\/09\/La-Reynarde-Piscine-2024-1-scaled-e1725712406184.jpg","width":2560,"height":836},{"@type":"BreadcrumbList","@id":"https:\/\/provence-evasion.ch\/das-haus\/#breadcrumb","itemListElement":[{"@type":"ListItem","position":1,"name":"Startseite","item":"https:\/\/provence-evasion.ch\/"},{"@type":"ListItem","position":2,"name":"Das Anwesen"}]},{"@type":"WebSite","@id":"https:\/\/provence-evasion.ch\/#website","url":"https:\/\/provence-evasion.ch\/","name":"Provence Evasion","description":"Traumhafte Ferien in der Provence","potentialAction":[{"@type":"SearchAction","target":{"@type":"EntryPoint","urlTemplate":"https:\/\/provence-evasion.ch\/?s={search_term_string}"},"query-input":{"@type":"PropertyValueSpecification","valueRequired":true,"valueName":"search_term_string"}}],"inLanguage":"fr-FR"}]}},"_links":{"self":[{"href":"https:\/\/provence-evasion.ch\/fr\/wp-json\/wp\/v2\/pages\/28971","targetHints":{"allow":["GET"]}}],"collection":[{"href":"https:\/\/provence-evasion.ch\/fr\/wp-json\/wp\/v2\/pages"}],"about":[{"href":"https:\/\/provence-evasion.ch\/fr\/wp-json\/wp\/v2\/types\/page"}],"author":[{"embeddable":true,"href":"https:\/\/provence-evasion.ch\/fr\/wp-json\/wp\/v2\/users\/1"}],"replies":[{"embeddable":true,"href":"https:\/\/provence-evasion.ch\/fr\/wp-json\/wp\/v2\/comments?post=28971"}],"version-history":[{"count":20,"href":"https:\/\/provence-evasion.ch\/fr\/wp-json\/wp\/v2\/pages\/28971\/revisions"}],"predecessor-version":[{"id":29421,"href":"https:\/\/provence-evasion.ch\/fr\/wp-json\/wp\/v2\/pages\/28971\/revisions\/29421"}],"wp:featuredmedia":[{"embeddable":true,"href":"https:\/\/provence-evasion.ch\/fr\/wp-json\/wp\/v2\/media\/29422"}],"wp:attachment":[{"href":"https:\/\/provence-evasion.ch\/fr\/wp-json\/wp\/v2\/media?parent=28971"}],"curies":[{"name":"wp","href":"https:\/\/api.w.org\/{rel}","templated":true}]}}