{"id":29090,"date":"2023-10-18T14:44:43","date_gmt":"2023-10-18T12:44:43","guid":{"rendered":"https:\/\/provence-evasion.plein.ch\/?page_id=29090"},"modified":"2024-01-13T18:54:52","modified_gmt":"2024-01-13T17:54:52","slug":"feedbacks","status":"publish","type":"page","link":"https:\/\/provence-evasion.ch\/fr\/feedbacks\/","title":{"rendered":"Les feedbacks"},"content":{"rendered":"<p>\"La Reynarde est vraiment une magnifique propri\u00e9t\u00e9, la plus belle que nous ayons jamais lou\u00e9e. Rien que le jardin, avec ses nombreuses places, ses fontaines, sa belle piscine et une cuisine de piscine plus que digne de ce nom, est magnifique. Et la maison est un bijou, am\u00e9nag\u00e9e avec tant de soin que m\u00eame apr\u00e8s une semaine, on d\u00e9couvre encore de nouvelles choses\".<br>R.B.<\/p>\n\n\n\n<p>\"Nous avons \u00e9t\u00e9 ravis de la magnifique maison, de la piscine avec son environnement magnifique et bien entretenu.<br>La maison est vraiment aussi belle que sur les photos et ne peut pas \u00eatre surpass\u00e9e. Les environs nous ont \u00e9galement beaucoup plu, tr\u00e8s vari\u00e9s, en 1 h \u00e0 1 h 30, il y a beaucoup de curiosit\u00e9s \u00e0 voir. Parfois, nous avions l'impression d'\u00eatre dans un film de Winnetou\".<br>Famille R.B.<\/p>\n\n\n\n<p>\"Nous avons pass\u00e9 de tr\u00e8s bons jours dans votre \"mas\" et avons \u00e9t\u00e9 enti\u00e8rement satisfaits. Tout \u00e9tait comme vous l'aviez indiqu\u00e9 et ce qui avait \u00e9t\u00e9 promis a \u00e9t\u00e9 respect\u00e9. Nous avons \u00e9t\u00e9 particuli\u00e8rement impressionn\u00e9s par la propret\u00e9 de toute la maison et de l'ensemble du complexe ainsi que par le soin apport\u00e9 \u00e0 tout. Nous avons particuli\u00e8rement appr\u00e9ci\u00e9 les vastes installations de la piscine - \u00e9galement d'une propret\u00e9 irr\u00e9prochable - dont nous avons largement profit\u00e9\".<br>A. &amp; F. Friedli<\/p>\n\n\n\n<p>\"Nous nous sommes sentis tr\u00e8s bien \u00e0 \"La Reynarde\" et nous nous sommes merveilleusement bien repos\u00e9s. Bien que nous connaissions d\u00e9j\u00e0 quelques r\u00e9gions de Provence, nous avons \u00e9t\u00e9 surpris par les magnifiques paysages des \"Baronnies Proven\u00e7ales\".<br>Famille S. &amp; E. C.<\/p>\n\n\n\n<p>\"D\u00e8s le premier instant, nous nous sommes sentis \u00e0 l'aise dans votre mas unique, entretenu avec amour, et dans son environnement magnifique. Comme nous avons appr\u00e9ci\u00e9 toutes les promenades au d\u00e9part de la maison, le calme du jardin, toutes les fleurs (le dernier jour, il y avait m\u00eame une orchid\u00e9e sauvage), le fait d'\u00eatre ensemble en famille. \u00c0 Buis-les-Baronnies, il fait bon vivre, le march\u00e9 proven\u00e7al est tout simplement magnifique, l'animation des ruelles, les belles boutiques, la meilleure cuisine \u00e0 \"La Fourchette, on ne veut plus jamais partir\" !<br>Famille M.H.<br><br><br>\"Nous avons appr\u00e9ci\u00e9 nos vacances dans votre magnifique maison tr\u00e8s bien entretenue ! On sent qu'elle a \u00e9t\u00e9 r\u00e9nov\u00e9e et am\u00e9nag\u00e9e par des personnes qui ont un regard pour les couleurs, les mat\u00e9riaux et le bien-\u00eatre. Le matin, j'ai commenc\u00e9 par regarder dehors par la fen\u00eatre de la chambre bleue pour admirer le panorama. Buis-les-Baronnies est une petite ville pleine de charme : un march\u00e9 pittoresque et un cin\u00e9ma, de belles discussions en fran\u00e7ais et du vin ros\u00e9. Nous reviendrons volontiers\".<br>Famille C.K.<br>Nous avons pass\u00e9 de merveilleuses vacances dans votre magnifique maison \u00e0 Buis-les-Baronnies.<br>Ce qui nous attendait dans et autour de la maison \u00e9tait fantastique. Le magnifique jardin avec la piscine, la maison am\u00e9nag\u00e9e avec soin, l'environnement et la tranquillit\u00e9, nous \u00e9tions tout simplement sans voix !\"<br>Famille E.W.<\/p>\n\n\n\n<p>\"Nous avons appr\u00e9ci\u00e9 chaque minute pass\u00e9e \u00e0 La Reynarde !<br>Des suggestions d'am\u00e9lioration ? Il n'y a rien \u00e0 signaler\" !<br>U.B. et K.L.<\/p>\n\n\n\n<p>\"Nous tenons \u00e0 vous remercier chaleureusement pour la merveilleuse semaine que nous avons pass\u00e9e dans votre maison de vacances \u00e0 Buis-les-Baronnies. Nous avons \u00e9t\u00e9 chaleureusement accueillis par Chantal Tourrainne et avons beaucoup appr\u00e9ci\u00e9 la carte de bienvenue et les petites attentions.<br>La maison est magnifique et am\u00e9nag\u00e9e avec beaucoup de go\u00fbt.<br>Comme nous avons tous aim\u00e9, nous allons r\u00e9server pour deux semaines l'ann\u00e9e prochaine\".<br>Famille H. Zurkinden et C. Schneider<br><br>\"Au nom de toute la famille qui a pu passer de merveilleux jours dans votre magnifique maison, je tiens \u00e0 vous exprimer nos plus sinc\u00e8res remerciements.<br>Nous avons profit\u00e9 de chaque jour et nous sommes sentis tr\u00e8s, tr\u00e8s \u00e0 l'aise. Ces vieilles maisons ont encore une \u00e2me, et on la ressent partout. \u00c0 cela s'ajoute l'ameublement soign\u00e9, qui renforce encore le caract\u00e8re de la maison\".<br>Famille M. Kirch-Schmit<br><br>\"Ce furent deux semaines merveilleuses, dans une maison magnifique, dans un endroit de r\u00eave.<br>Nous avons presque eu le souffle coup\u00e9 lorsque nous avons vu la maison en \"vrai\" et pas seulement sur les photos.<br>C'est vraiment magnifique, bien entretenu, meubl\u00e9 et d\u00e9cor\u00e9 avec amour. Nous \u00e9tions en pleine nature, avec les beaux oliviers, les lauriers-roses et la lavande : comme dans un tableau\".<br>Famille Sch\u00f6nb\u00e4chler-Niederberger<br><br>\"Concernant notre fantastique s\u00e9jour dans votre maison : nous sommes encore subjugu\u00e9s par la joie, la g\u00e9n\u00e9rosit\u00e9, la tranquillit\u00e9 et la qualit\u00e9 de vacances que votre propri\u00e9t\u00e9 nous a offertes. Un grand compliment pour le souci du d\u00e9tail, le haut niveau de qualit\u00e9 et la gentillesse\/comp\u00e9tence sur place\".<br>Christine et Alexander Z.<br><br>\"Nous avons beaucoup appr\u00e9ci\u00e9 nos vacances dans votre magnifique maison. Tout s'est merveilleusement bien pass\u00e9. Nous avons \u00e9galement beaucoup appr\u00e9ci\u00e9 les march\u00e9s et les villes\".<br>Jutta C.<br><br>\"C'\u00e9tait une semaine de r\u00eave. La maison ne laisse absolument rien \u00e0 d\u00e9sirer. Il n'y a rien, mais vraiment rien \u00e0 redire. Nous avons beaucoup appr\u00e9ci\u00e9 la semaine et nous nous sommes sentis parfaitement \u00e0 l'aise, justement comme \"Dieu en France\" !\"<br>Theresia et Pierre-Alain K.<br><br>\"Nous avons \u00e9t\u00e9 heureux dans votre magnifique maison ! Nous nous sommes beaucoup plu. Nous nous souvenons avec plaisir de ces beaux jours\" !<br>Famille Conni B.<br><br>\"Nous avons beaucoup appr\u00e9ci\u00e9 notre s\u00e9jour \u00e0 La Reynarde et sommes certains que ce n'est pas la derni\u00e8re fois que nous y passons des vacances.<br>La maison, l'am\u00e9nagement, le jardin, la piscine et toutes les places assises sont magnifiques\".<br>Famille Caroline B.<br><br>\"Tout \u00e9tait super - la maison et tout ce qui va avec est vraiment un bijou. Nous avons beaucoup appr\u00e9ci\u00e9 ces journ\u00e9es. Et le temps est pass\u00e9 tr\u00e8s vite\".<br>Beat H.<br><br>\"Les Vacances \u00e0 La Reynarde sont un moment agr\u00e9able, tant attendu.<br>Vacances, s'abandonner simplement aux sens, quelles belles impressions, quel v\u00e9cu, s'impriment dans la m\u00e9moire,<br>seront un r\u00e9confort pour le reste de l'ann\u00e9e.<br>Ainsi, chaque s\u00e9jour a sa propre sp\u00e9cificit\u00e9, son sens, car il y a toujours de la revitalisation, l'\u00e2me est plus libre et l'esprit aussi, m\u00eame si l'on ne voyage qu'en pens\u00e9e \u00e0 La Reynarde\".<br>Avec nos meilleures salutations de l'Engadine<br>Christine &amp; Urs<br><br>\"Merci beaucoup pour les bons moments que nous avons pass\u00e9s \u00e0 La Reynarde. Nous avons pleinement profit\u00e9 de la maison et de ses environs. C'est avec plaisir que nous reviendrons\".<br>Miriam G.<\/p>","protected":false},"excerpt":{"rendered":"<p>&#8222;La Reynarde ist wirklich ein wunderbares Anwesen, das sch\u00f6nste, das wir je gemietet haben. Allein der Garten mit den vielen Pl\u00e4tzen, den Brunnen, der sch\u00f6nen Poolanlage und einer Poolk\u00fcche, die den Namen mehr als verdient, ist wundersch\u00f6n. Und das Haus ist ein Bijoux, so liebevoll eingerichtet, dass man auch nach einer Woche immer noch neues [&hellip;]<\/p>\n","protected":false},"author":1,"featured_media":29302,"parent":0,"menu_order":0,"comment_status":"closed","ping_status":"closed","template":"","meta":{"_monsterinsights_skip_tracking":false,"_monsterinsights_sitenote_active":false,"_monsterinsights_sitenote_note":"","_monsterinsights_sitenote_category":0,"footnotes":""},"class_list":["post-29090","page","type-page","status-publish","has-post-thumbnail","hentry"],"yoast_head":"<!-- This site is optimized with the Yoast SEO plugin v27.0 - https:\/\/yoast.com\/product\/yoast-seo-wordpress\/ -->\n<title>Die Feedbacks - Provence Evasion<\/title>\n<meta name=\"robots\" content=\"index, follow, max-snippet:-1, max-image-preview:large, max-video-preview:-1\" \/>\n<link rel=\"canonical\" href=\"https:\/\/provence-evasion.ch\/fr\/feedbacks\/\" \/>\n<meta property=\"og:locale\" content=\"fr_FR\" \/>\n<meta property=\"og:type\" content=\"article\" \/>\n<meta property=\"og:title\" content=\"Die Feedbacks - Provence Evasion\" \/>\n<meta property=\"og:description\" content=\"&#8222;La Reynarde ist wirklich ein wunderbares Anwesen, das sch\u00f6nste, das wir je gemietet haben. Allein der Garten mit den vielen Pl\u00e4tzen, den Brunnen, der sch\u00f6nen Poolanlage und einer Poolk\u00fcche, die den Namen mehr als verdient, ist wundersch\u00f6n. Und das Haus ist ein Bijoux, so liebevoll eingerichtet, dass man auch nach einer Woche immer noch neues [&hellip;]\" \/>\n<meta property=\"og:url\" content=\"https:\/\/provence-evasion.ch\/fr\/feedbacks\/\" \/>\n<meta property=\"og:site_name\" content=\"Provence Evasion\" \/>\n<meta property=\"article:modified_time\" content=\"2024-01-13T17:54:52+00:00\" \/>\n<meta property=\"og:image\" content=\"https:\/\/provence-evasion.ch\/wp-content\/uploads\/2024\/01\/Header_Aktivitten_1.jpeg\" \/>\n\t<meta property=\"og:image:width\" content=\"1001\" \/>\n\t<meta property=\"og:image:height\" content=\"276\" \/>\n\t<meta property=\"og:image:type\" content=\"image\/jpeg\" \/>\n<meta name=\"twitter:card\" content=\"summary_large_image\" \/>\n<meta name=\"twitter:label1\" content=\"Dur\u00e9e de lecture estim\u00e9e\" \/>\n\t<meta name=\"twitter:data1\" content=\"6 minutes\" \/>\n<script type=\"application\/ld+json\" class=\"yoast-schema-graph\">{\"@context\":\"https:\/\/schema.org\",\"@graph\":[{\"@type\":\"WebPage\",\"@id\":\"https:\/\/provence-evasion.ch\/feedbacks\/\",\"url\":\"https:\/\/provence-evasion.ch\/feedbacks\/\",\"name\":\"Die Feedbacks - Provence Evasion\",\"isPartOf\":{\"@id\":\"https:\/\/provence-evasion.ch\/#website\"},\"primaryImageOfPage\":{\"@id\":\"https:\/\/provence-evasion.ch\/feedbacks\/#primaryimage\"},\"image\":{\"@id\":\"https:\/\/provence-evasion.ch\/feedbacks\/#primaryimage\"},\"thumbnailUrl\":\"https:\/\/provence-evasion.ch\/wp-content\/uploads\/2024\/01\/Header_Aktivitten_1.jpeg\",\"datePublished\":\"2023-10-18T12:44:43+00:00\",\"dateModified\":\"2024-01-13T17:54:52+00:00\",\"breadcrumb\":{\"@id\":\"https:\/\/provence-evasion.ch\/feedbacks\/#breadcrumb\"},\"inLanguage\":\"fr-FR\",\"potentialAction\":[{\"@type\":\"ReadAction\",\"target\":[\"https:\/\/provence-evasion.ch\/feedbacks\/\"]}]},{\"@type\":\"ImageObject\",\"inLanguage\":\"fr-FR\",\"@id\":\"https:\/\/provence-evasion.ch\/feedbacks\/#primaryimage\",\"url\":\"https:\/\/provence-evasion.ch\/wp-content\/uploads\/2024\/01\/Header_Aktivitten_1.jpeg\",\"contentUrl\":\"https:\/\/provence-evasion.ch\/wp-content\/uploads\/2024\/01\/Header_Aktivitten_1.jpeg\",\"width\":1001,\"height\":276},{\"@type\":\"BreadcrumbList\",\"@id\":\"https:\/\/provence-evasion.ch\/feedbacks\/#breadcrumb\",\"itemListElement\":[{\"@type\":\"ListItem\",\"position\":1,\"name\":\"Startseite\",\"item\":\"https:\/\/provence-evasion.ch\/\"},{\"@type\":\"ListItem\",\"position\":2,\"name\":\"Die Feedbacks\"}]},{\"@type\":\"WebSite\",\"@id\":\"https:\/\/provence-evasion.ch\/#website\",\"url\":\"https:\/\/provence-evasion.ch\/\",\"name\":\"Provence Evasion\",\"description\":\"Traumhafte Ferien in der Provence\",\"potentialAction\":[{\"@type\":\"SearchAction\",\"target\":{\"@type\":\"EntryPoint\",\"urlTemplate\":\"https:\/\/provence-evasion.ch\/?s={search_term_string}\"},\"query-input\":{\"@type\":\"PropertyValueSpecification\",\"valueRequired\":true,\"valueName\":\"search_term_string\"}}],\"inLanguage\":\"fr-FR\"}]}<\/script>\n<!-- \/ Yoast SEO plugin. -->","yoast_head_json":{"title":"Die Feedbacks - Provence Evasion","robots":{"index":"index","follow":"follow","max-snippet":"max-snippet:-1","max-image-preview":"max-image-preview:large","max-video-preview":"max-video-preview:-1"},"canonical":"https:\/\/provence-evasion.ch\/fr\/feedbacks\/","og_locale":"fr_FR","og_type":"article","og_title":"Die Feedbacks - Provence Evasion","og_description":"&#8222;La Reynarde ist wirklich ein wunderbares Anwesen, das sch\u00f6nste, das wir je gemietet haben. Allein der Garten mit den vielen Pl\u00e4tzen, den Brunnen, der sch\u00f6nen Poolanlage und einer Poolk\u00fcche, die den Namen mehr als verdient, ist wundersch\u00f6n. Und das Haus ist ein Bijoux, so liebevoll eingerichtet, dass man auch nach einer Woche immer noch neues [&hellip;]","og_url":"https:\/\/provence-evasion.ch\/fr\/feedbacks\/","og_site_name":"Provence Evasion","article_modified_time":"2024-01-13T17:54:52+00:00","og_image":[{"width":1001,"height":276,"url":"https:\/\/provence-evasion.ch\/wp-content\/uploads\/2024\/01\/Header_Aktivitten_1.jpeg","type":"image\/jpeg"}],"twitter_card":"summary_large_image","twitter_misc":{"Dur\u00e9e de lecture estim\u00e9e":"6 minutes"},"schema":{"@context":"https:\/\/schema.org","@graph":[{"@type":"WebPage","@id":"https:\/\/provence-evasion.ch\/feedbacks\/","url":"https:\/\/provence-evasion.ch\/feedbacks\/","name":"Die Feedbacks - Provence Evasion","isPartOf":{"@id":"https:\/\/provence-evasion.ch\/#website"},"primaryImageOfPage":{"@id":"https:\/\/provence-evasion.ch\/feedbacks\/#primaryimage"},"image":{"@id":"https:\/\/provence-evasion.ch\/feedbacks\/#primaryimage"},"thumbnailUrl":"https:\/\/provence-evasion.ch\/wp-content\/uploads\/2024\/01\/Header_Aktivitten_1.jpeg","datePublished":"2023-10-18T12:44:43+00:00","dateModified":"2024-01-13T17:54:52+00:00","breadcrumb":{"@id":"https:\/\/provence-evasion.ch\/feedbacks\/#breadcrumb"},"inLanguage":"fr-FR","potentialAction":[{"@type":"ReadAction","target":["https:\/\/provence-evasion.ch\/feedbacks\/"]}]},{"@type":"ImageObject","inLanguage":"fr-FR","@id":"https:\/\/provence-evasion.ch\/feedbacks\/#primaryimage","url":"https:\/\/provence-evasion.ch\/wp-content\/uploads\/2024\/01\/Header_Aktivitten_1.jpeg","contentUrl":"https:\/\/provence-evasion.ch\/wp-content\/uploads\/2024\/01\/Header_Aktivitten_1.jpeg","width":1001,"height":276},{"@type":"BreadcrumbList","@id":"https:\/\/provence-evasion.ch\/feedbacks\/#breadcrumb","itemListElement":[{"@type":"ListItem","position":1,"name":"Startseite","item":"https:\/\/provence-evasion.ch\/"},{"@type":"ListItem","position":2,"name":"Die Feedbacks"}]},{"@type":"WebSite","@id":"https:\/\/provence-evasion.ch\/#website","url":"https:\/\/provence-evasion.ch\/","name":"Provence Evasion","description":"Traumhafte Ferien in der Provence","potentialAction":[{"@type":"SearchAction","target":{"@type":"EntryPoint","urlTemplate":"https:\/\/provence-evasion.ch\/?s={search_term_string}"},"query-input":{"@type":"PropertyValueSpecification","valueRequired":true,"valueName":"search_term_string"}}],"inLanguage":"fr-FR"}]}},"_links":{"self":[{"href":"https:\/\/provence-evasion.ch\/fr\/wp-json\/wp\/v2\/pages\/29090","targetHints":{"allow":["GET"]}}],"collection":[{"href":"https:\/\/provence-evasion.ch\/fr\/wp-json\/wp\/v2\/pages"}],"about":[{"href":"https:\/\/provence-evasion.ch\/fr\/wp-json\/wp\/v2\/types\/page"}],"author":[{"embeddable":true,"href":"https:\/\/provence-evasion.ch\/fr\/wp-json\/wp\/v2\/users\/1"}],"replies":[{"embeddable":true,"href":"https:\/\/provence-evasion.ch\/fr\/wp-json\/wp\/v2\/comments?post=29090"}],"version-history":[{"count":6,"href":"https:\/\/provence-evasion.ch\/fr\/wp-json\/wp\/v2\/pages\/29090\/revisions"}],"predecessor-version":[{"id":29228,"href":"https:\/\/provence-evasion.ch\/fr\/wp-json\/wp\/v2\/pages\/29090\/revisions\/29228"}],"wp:featuredmedia":[{"embeddable":true,"href":"https:\/\/provence-evasion.ch\/fr\/wp-json\/wp\/v2\/media\/29302"}],"wp:attachment":[{"href":"https:\/\/provence-evasion.ch\/fr\/wp-json\/wp\/v2\/media?parent=29090"}],"curies":[{"name":"wp","href":"https:\/\/api.w.org\/{rel}","templated":true}]}}