{"id":29106,"date":"2023-10-18T14:48:22","date_gmt":"2023-10-18T12:48:22","guid":{"rendered":"https:\/\/provence-evasion.plein.ch\/?page_id=29106"},"modified":"2025-12-01T18:28:56","modified_gmt":"2025-12-01T17:28:56","slug":"tarifs","status":"publish","type":"page","link":"https:\/\/provence-evasion.ch\/fr\/die-preise\/","title":{"rendered":"Tarifs"},"content":{"rendered":"<p>Tarifs 2026<\/p>\n\n\n\n<p>Le prix de location est calcul\u00e9 \u00e0 la semaine ou au prorata du s\u00e9jour pour 8 \u00e0 10 personnes au maximum.<\/p>\n\n\n\n<figure class=\"wp-block-table\"><table><tbody><tr><td>25.04.26 &#8211; 16.05.26<\/td><td>2&#8217;000 Euros<\/td><\/tr><tr><td>16.05.26 &#8211; 13.06.26<\/td><td>2&#8217;300 Euros&nbsp;<\/td><\/tr><tr><td>13.06.26 &#8211; 22.08.26<\/td><td>3&#8217;000 Euros&nbsp;<\/td><\/tr><tr><td>22.08.26 &#8211; 19.09.26<\/td><td>2&#8217;300 Euros&nbsp;<\/td><\/tr><tr><td>19.09.26 &#8211; 17.10.26<\/td><td>2&#8217;000 Euros<\/td><\/tr><\/tbody><\/table><\/figure>","protected":false},"excerpt":{"rendered":"<p>Preise 2026 Die Preise verstehen sich pro Woche resp. pro rata Aufenthaltsdauer und f\u00fcr 8 maximal 10 Personen. 25.04.26 &#8211; 16.05.26 2&#8217;000 Euros 16.05.26 &#8211; 13.06.26 2&#8217;300 Euros&nbsp; 13.06.26 &#8211; 22.08.26 3&#8217;000 Euros&nbsp; 22.08.26 &#8211; 19.09.26 2&#8217;300 Euros&nbsp; 19.09.26 &#8211; 17.10.26 2&#8217;000 Euros<\/p>","protected":false},"author":2,"featured_media":29333,"parent":0,"menu_order":0,"comment_status":"closed","ping_status":"closed","template":"","meta":{"_monsterinsights_skip_tracking":false,"_monsterinsights_sitenote_active":false,"_monsterinsights_sitenote_note":"","_monsterinsights_sitenote_category":0,"footnotes":""},"class_list":["post-29106","page","type-page","status-publish","has-post-thumbnail","hentry"],"yoast_head":"<!-- This site is optimized with the Yoast SEO plugin v27.0 - https:\/\/yoast.com\/product\/yoast-seo-wordpress\/ -->\n<title>Die Preise - Provence Evasion<\/title>\n<meta name=\"robots\" content=\"index, follow, max-snippet:-1, max-image-preview:large, max-video-preview:-1\" \/>\n<link rel=\"canonical\" href=\"https:\/\/provence-evasion.ch\/fr\/tarifs\/\" \/>\n<meta property=\"og:locale\" content=\"fr_FR\" \/>\n<meta property=\"og:type\" content=\"article\" \/>\n<meta property=\"og:title\" content=\"Die Preise - Provence Evasion\" \/>\n<meta property=\"og:description\" content=\"Preise 2026 Die Preise verstehen sich pro Woche resp. pro rata Aufenthaltsdauer und f\u00fcr 8 maximal 10 Personen. 25.04.26 &#8211; 16.05.26 2&#8217;000 Euros 16.05.26 &#8211; 13.06.26 2&#8217;300 Euros&nbsp; 13.06.26 &#8211; 22.08.26 3&#8217;000 Euros&nbsp; 22.08.26 &#8211; 19.09.26 2&#8217;300 Euros&nbsp; 19.09.26 &#8211; 17.10.26 2&#8217;000 Euros\" \/>\n<meta property=\"og:url\" content=\"https:\/\/provence-evasion.ch\/fr\/tarifs\/\" \/>\n<meta property=\"og:site_name\" content=\"Provence Evasion\" \/>\n<meta property=\"article:modified_time\" content=\"2025-12-01T17:28:56+00:00\" \/>\n<meta property=\"og:image\" content=\"https:\/\/provence-evasion.ch\/wp-content\/uploads\/2024\/01\/Header_Pool_1.jpeg\" \/>\n\t<meta property=\"og:image:width\" content=\"1001\" \/>\n\t<meta property=\"og:image:height\" content=\"277\" \/>\n\t<meta property=\"og:image:type\" content=\"image\/jpeg\" \/>\n<meta name=\"twitter:card\" content=\"summary_large_image\" \/>\n<meta name=\"twitter:label1\" content=\"Dur\u00e9e de lecture estim\u00e9e\" \/>\n\t<meta name=\"twitter:data1\" content=\"1 minute\" \/>\n<script type=\"application\/ld+json\" class=\"yoast-schema-graph\">{\"@context\":\"https:\/\/schema.org\",\"@graph\":[{\"@type\":\"WebPage\",\"@id\":\"https:\/\/provence-evasion.ch\/die-preise\/\",\"url\":\"https:\/\/provence-evasion.ch\/die-preise\/\",\"name\":\"Die Preise - Provence Evasion\",\"isPartOf\":{\"@id\":\"https:\/\/provence-evasion.ch\/#website\"},\"primaryImageOfPage\":{\"@id\":\"https:\/\/provence-evasion.ch\/die-preise\/#primaryimage\"},\"image\":{\"@id\":\"https:\/\/provence-evasion.ch\/die-preise\/#primaryimage\"},\"thumbnailUrl\":\"https:\/\/provence-evasion.ch\/wp-content\/uploads\/2024\/01\/Header_Pool_1.jpeg\",\"datePublished\":\"2023-10-18T12:48:22+00:00\",\"dateModified\":\"2025-12-01T17:28:56+00:00\",\"breadcrumb\":{\"@id\":\"https:\/\/provence-evasion.ch\/die-preise\/#breadcrumb\"},\"inLanguage\":\"fr-FR\",\"potentialAction\":[{\"@type\":\"ReadAction\",\"target\":[\"https:\/\/provence-evasion.ch\/die-preise\/\"]}]},{\"@type\":\"ImageObject\",\"inLanguage\":\"fr-FR\",\"@id\":\"https:\/\/provence-evasion.ch\/die-preise\/#primaryimage\",\"url\":\"https:\/\/provence-evasion.ch\/wp-content\/uploads\/2024\/01\/Header_Pool_1.jpeg\",\"contentUrl\":\"https:\/\/provence-evasion.ch\/wp-content\/uploads\/2024\/01\/Header_Pool_1.jpeg\",\"width\":1001,\"height\":277},{\"@type\":\"BreadcrumbList\",\"@id\":\"https:\/\/provence-evasion.ch\/die-preise\/#breadcrumb\",\"itemListElement\":[{\"@type\":\"ListItem\",\"position\":1,\"name\":\"Startseite\",\"item\":\"https:\/\/provence-evasion.ch\/\"},{\"@type\":\"ListItem\",\"position\":2,\"name\":\"Die Preise\"}]},{\"@type\":\"WebSite\",\"@id\":\"https:\/\/provence-evasion.ch\/#website\",\"url\":\"https:\/\/provence-evasion.ch\/\",\"name\":\"Provence Evasion\",\"description\":\"Traumhafte Ferien in der Provence\",\"potentialAction\":[{\"@type\":\"SearchAction\",\"target\":{\"@type\":\"EntryPoint\",\"urlTemplate\":\"https:\/\/provence-evasion.ch\/?s={search_term_string}\"},\"query-input\":{\"@type\":\"PropertyValueSpecification\",\"valueRequired\":true,\"valueName\":\"search_term_string\"}}],\"inLanguage\":\"fr-FR\"}]}<\/script>\n<!-- \/ Yoast SEO plugin. -->","yoast_head_json":{"title":"Die Preise - Provence Evasion","robots":{"index":"index","follow":"follow","max-snippet":"max-snippet:-1","max-image-preview":"max-image-preview:large","max-video-preview":"max-video-preview:-1"},"canonical":"https:\/\/provence-evasion.ch\/fr\/tarifs\/","og_locale":"fr_FR","og_type":"article","og_title":"Die Preise - Provence Evasion","og_description":"Preise 2026 Die Preise verstehen sich pro Woche resp. pro rata Aufenthaltsdauer und f\u00fcr 8 maximal 10 Personen. 25.04.26 &#8211; 16.05.26 2&#8217;000 Euros 16.05.26 &#8211; 13.06.26 2&#8217;300 Euros&nbsp; 13.06.26 &#8211; 22.08.26 3&#8217;000 Euros&nbsp; 22.08.26 &#8211; 19.09.26 2&#8217;300 Euros&nbsp; 19.09.26 &#8211; 17.10.26 2&#8217;000 Euros","og_url":"https:\/\/provence-evasion.ch\/fr\/tarifs\/","og_site_name":"Provence Evasion","article_modified_time":"2025-12-01T17:28:56+00:00","og_image":[{"width":1001,"height":277,"url":"https:\/\/provence-evasion.ch\/wp-content\/uploads\/2024\/01\/Header_Pool_1.jpeg","type":"image\/jpeg"}],"twitter_card":"summary_large_image","twitter_misc":{"Dur\u00e9e de lecture estim\u00e9e":"1 minute"},"schema":{"@context":"https:\/\/schema.org","@graph":[{"@type":"WebPage","@id":"https:\/\/provence-evasion.ch\/die-preise\/","url":"https:\/\/provence-evasion.ch\/die-preise\/","name":"Die Preise - Provence Evasion","isPartOf":{"@id":"https:\/\/provence-evasion.ch\/#website"},"primaryImageOfPage":{"@id":"https:\/\/provence-evasion.ch\/die-preise\/#primaryimage"},"image":{"@id":"https:\/\/provence-evasion.ch\/die-preise\/#primaryimage"},"thumbnailUrl":"https:\/\/provence-evasion.ch\/wp-content\/uploads\/2024\/01\/Header_Pool_1.jpeg","datePublished":"2023-10-18T12:48:22+00:00","dateModified":"2025-12-01T17:28:56+00:00","breadcrumb":{"@id":"https:\/\/provence-evasion.ch\/die-preise\/#breadcrumb"},"inLanguage":"fr-FR","potentialAction":[{"@type":"ReadAction","target":["https:\/\/provence-evasion.ch\/die-preise\/"]}]},{"@type":"ImageObject","inLanguage":"fr-FR","@id":"https:\/\/provence-evasion.ch\/die-preise\/#primaryimage","url":"https:\/\/provence-evasion.ch\/wp-content\/uploads\/2024\/01\/Header_Pool_1.jpeg","contentUrl":"https:\/\/provence-evasion.ch\/wp-content\/uploads\/2024\/01\/Header_Pool_1.jpeg","width":1001,"height":277},{"@type":"BreadcrumbList","@id":"https:\/\/provence-evasion.ch\/die-preise\/#breadcrumb","itemListElement":[{"@type":"ListItem","position":1,"name":"Startseite","item":"https:\/\/provence-evasion.ch\/"},{"@type":"ListItem","position":2,"name":"Die Preise"}]},{"@type":"WebSite","@id":"https:\/\/provence-evasion.ch\/#website","url":"https:\/\/provence-evasion.ch\/","name":"Provence Evasion","description":"Traumhafte Ferien in der Provence","potentialAction":[{"@type":"SearchAction","target":{"@type":"EntryPoint","urlTemplate":"https:\/\/provence-evasion.ch\/?s={search_term_string}"},"query-input":{"@type":"PropertyValueSpecification","valueRequired":true,"valueName":"search_term_string"}}],"inLanguage":"fr-FR"}]}},"_links":{"self":[{"href":"https:\/\/provence-evasion.ch\/fr\/wp-json\/wp\/v2\/pages\/29106","targetHints":{"allow":["GET"]}}],"collection":[{"href":"https:\/\/provence-evasion.ch\/fr\/wp-json\/wp\/v2\/pages"}],"about":[{"href":"https:\/\/provence-evasion.ch\/fr\/wp-json\/wp\/v2\/types\/page"}],"author":[{"embeddable":true,"href":"https:\/\/provence-evasion.ch\/fr\/wp-json\/wp\/v2\/users\/2"}],"replies":[{"embeddable":true,"href":"https:\/\/provence-evasion.ch\/fr\/wp-json\/wp\/v2\/comments?post=29106"}],"version-history":[{"count":8,"href":"https:\/\/provence-evasion.ch\/fr\/wp-json\/wp\/v2\/pages\/29106\/revisions"}],"predecessor-version":[{"id":29487,"href":"https:\/\/provence-evasion.ch\/fr\/wp-json\/wp\/v2\/pages\/29106\/revisions\/29487"}],"wp:featuredmedia":[{"embeddable":true,"href":"https:\/\/provence-evasion.ch\/fr\/wp-json\/wp\/v2\/media\/29333"}],"wp:attachment":[{"href":"https:\/\/provence-evasion.ch\/fr\/wp-json\/wp\/v2\/media?parent=29106"}],"curies":[{"name":"wp","href":"https:\/\/api.w.org\/{rel}","templated":true}]}}