{"id":29108,"date":"2023-10-18T14:49:54","date_gmt":"2023-10-18T12:49:54","guid":{"rendered":"https:\/\/provence-evasion.plein.ch\/?page_id=29108"},"modified":"2025-08-12T13:45:39","modified_gmt":"2025-08-12T11:45:39","slug":"les-conditions","status":"publish","type":"page","link":"https:\/\/provence-evasion.ch\/fr\/die-leistungen\/","title":{"rendered":"Les conditions"},"content":{"rendered":"<p><strong>Inclus dans les frais de location:<\/strong><\/p>\n\n\n\n<ul class=\"wp-block-list\">\n<li>M\u00e9nage et linges de maison<\/li>\n\n\n\n<li>Nettoyage apr\u00e8s le s\u00e9jour<\/li>\n\n\n\n<li>trois heures de m\u00e9nage pendant le s\u00e9jour - si le contrat de location est de deux semaines ou plus<\/li>\n\n\n\n<li>Entretien de la piscine<\/li>\n<\/ul>\n\n\n\n<p><strong>Arriv\u00e9e et assistance<\/strong><\/p>\n\n\n\n<ul class=\"wp-block-list\">\n<li>Arriv\u00e9e : 15h00<br>D\u00e9part au plus tard : 10h30<br>L'heure exacte d'arriv\u00e9e doit \u00eatre fix\u00e9e au pr\u00e9alable avec les propri\u00e9taires ou l'agence.<\/li>\n\n\n\n<li>Notre personne de confiance sur place accueille les vacanciers, leur pr\u00e9sente le \"mas\" et surtout les installations techniques.<br>Elle est \u00e9galement responsable de l'\u00e9tat des lieux apr\u00e8s le s\u00e9jour de vacances.<\/li>\n<\/ul>\n\n\n\n<p><strong>Frais annexes<\/strong><br><br>Les frais de chauffage \u00e9lectrique\/solaire ainsi que les conversations t\u00e9l\u00e9phoniques et\nles t\u00e9l\u00e9chargements de films payants ne sont pas compris dans le prix de location.\nLa facturation s\u2019effectuera apr\u00e8s le s\u00e9jour, d\u00e8s r\u00e9ception des relev\u00e9s EDF et de\nNordnet.<br><br><strong>Paiement<\/strong><br><br>Les frais de location doivent \u00eatre r\u00e9gl\u00e9s au plus tard un mois avant le d\u00e9but des vacances.<br>Lors de la signature du contrat, un acompte de 30 % des frais de location est factur\u00e9 \u00e0 titre de garantie de r\u00e9servation.<br>En cas d'annulation du contrat jusqu'\u00e0 2 mois avant le d\u00e9but des vacances, l'acompte n'est pas rembours\u00e9. Si l'annulation a lieu plus tard, le montant total (frais de location) reste d\u00fb.<\/p>","protected":false},"excerpt":{"rendered":"<p>In den Mietkosten inbegriffen sind: Ankunft und Betreuung Nebenkosten Die Kosten f\u00fcr Elektro-\/Solarheizung sowie Telefonate und kostenpflichtige Filmdownloads sind nicht im Mietpreis enthalten. Die Verrechnung erfolgt nach dem Aufenthalt und gem\u00e4ss Kostenaufstellung von EDF &amp; Nordnet. Bezahlung Die Mietkosten sind sp\u00e4testens 1 Monat vor Ferienbeginn zu begleichen.Bei Vertragsunterzeichnung wird eine Akonto Zahlung von 30 Prozent [&hellip;]<\/p>\n","protected":false},"author":2,"featured_media":29318,"parent":0,"menu_order":0,"comment_status":"closed","ping_status":"closed","template":"","meta":{"_monsterinsights_skip_tracking":false,"_monsterinsights_sitenote_active":false,"_monsterinsights_sitenote_note":"","_monsterinsights_sitenote_category":0,"footnotes":""},"class_list":["post-29108","page","type-page","status-publish","has-post-thumbnail","hentry"],"yoast_head":"<!-- This site is optimized with the Yoast SEO plugin v27.0 - https:\/\/yoast.com\/product\/yoast-seo-wordpress\/ -->\n<title>Die Leistungen - Provence Evasion<\/title>\n<meta name=\"robots\" content=\"index, follow, max-snippet:-1, max-image-preview:large, max-video-preview:-1\" \/>\n<link rel=\"canonical\" href=\"https:\/\/provence-evasion.ch\/fr\/les-conditions\/\" \/>\n<meta property=\"og:locale\" content=\"fr_FR\" \/>\n<meta property=\"og:type\" content=\"article\" \/>\n<meta property=\"og:title\" content=\"Die Leistungen - Provence Evasion\" \/>\n<meta property=\"og:description\" content=\"In den Mietkosten inbegriffen sind: Ankunft und Betreuung Nebenkosten Die Kosten f\u00fcr Elektro-\/Solarheizung sowie Telefonate und kostenpflichtige Filmdownloads sind nicht im Mietpreis enthalten. Die Verrechnung erfolgt nach dem Aufenthalt und gem\u00e4ss Kostenaufstellung von EDF &amp; Nordnet. Bezahlung Die Mietkosten sind sp\u00e4testens 1 Monat vor Ferienbeginn zu begleichen.Bei Vertragsunterzeichnung wird eine Akonto Zahlung von 30 Prozent [&hellip;]\" \/>\n<meta property=\"og:url\" content=\"https:\/\/provence-evasion.ch\/fr\/les-conditions\/\" \/>\n<meta property=\"og:site_name\" content=\"Provence Evasion\" \/>\n<meta property=\"article:modified_time\" content=\"2025-08-12T11:45:39+00:00\" \/>\n<meta property=\"og:image\" content=\"https:\/\/provence-evasion.ch\/wp-content\/uploads\/2024\/01\/Header_Innenhof_1.jpeg\" \/>\n\t<meta property=\"og:image:width\" content=\"1001\" \/>\n\t<meta property=\"og:image:height\" content=\"277\" \/>\n\t<meta property=\"og:image:type\" content=\"image\/jpeg\" \/>\n<meta name=\"twitter:card\" content=\"summary_large_image\" \/>\n<meta name=\"twitter:label1\" content=\"Dur\u00e9e de lecture estim\u00e9e\" \/>\n\t<meta name=\"twitter:data1\" content=\"2 minutes\" \/>\n<script type=\"application\/ld+json\" class=\"yoast-schema-graph\">{\"@context\":\"https:\/\/schema.org\",\"@graph\":[{\"@type\":\"WebPage\",\"@id\":\"https:\/\/provence-evasion.ch\/die-leistungen\/\",\"url\":\"https:\/\/provence-evasion.ch\/die-leistungen\/\",\"name\":\"Die Leistungen - Provence Evasion\",\"isPartOf\":{\"@id\":\"https:\/\/provence-evasion.ch\/#website\"},\"primaryImageOfPage\":{\"@id\":\"https:\/\/provence-evasion.ch\/die-leistungen\/#primaryimage\"},\"image\":{\"@id\":\"https:\/\/provence-evasion.ch\/die-leistungen\/#primaryimage\"},\"thumbnailUrl\":\"https:\/\/provence-evasion.ch\/wp-content\/uploads\/2024\/01\/Header_Innenhof_1.jpeg\",\"datePublished\":\"2023-10-18T12:49:54+00:00\",\"dateModified\":\"2025-08-12T11:45:39+00:00\",\"breadcrumb\":{\"@id\":\"https:\/\/provence-evasion.ch\/die-leistungen\/#breadcrumb\"},\"inLanguage\":\"fr-FR\",\"potentialAction\":[{\"@type\":\"ReadAction\",\"target\":[\"https:\/\/provence-evasion.ch\/die-leistungen\/\"]}]},{\"@type\":\"ImageObject\",\"inLanguage\":\"fr-FR\",\"@id\":\"https:\/\/provence-evasion.ch\/die-leistungen\/#primaryimage\",\"url\":\"https:\/\/provence-evasion.ch\/wp-content\/uploads\/2024\/01\/Header_Innenhof_1.jpeg\",\"contentUrl\":\"https:\/\/provence-evasion.ch\/wp-content\/uploads\/2024\/01\/Header_Innenhof_1.jpeg\",\"width\":1001,\"height\":277},{\"@type\":\"BreadcrumbList\",\"@id\":\"https:\/\/provence-evasion.ch\/die-leistungen\/#breadcrumb\",\"itemListElement\":[{\"@type\":\"ListItem\",\"position\":1,\"name\":\"Startseite\",\"item\":\"https:\/\/provence-evasion.ch\/\"},{\"@type\":\"ListItem\",\"position\":2,\"name\":\"Die Leistungen\"}]},{\"@type\":\"WebSite\",\"@id\":\"https:\/\/provence-evasion.ch\/#website\",\"url\":\"https:\/\/provence-evasion.ch\/\",\"name\":\"Provence Evasion\",\"description\":\"Traumhafte Ferien in der Provence\",\"potentialAction\":[{\"@type\":\"SearchAction\",\"target\":{\"@type\":\"EntryPoint\",\"urlTemplate\":\"https:\/\/provence-evasion.ch\/?s={search_term_string}\"},\"query-input\":{\"@type\":\"PropertyValueSpecification\",\"valueRequired\":true,\"valueName\":\"search_term_string\"}}],\"inLanguage\":\"fr-FR\"}]}<\/script>\n<!-- \/ Yoast SEO plugin. -->","yoast_head_json":{"title":"Die Leistungen - Provence Evasion","robots":{"index":"index","follow":"follow","max-snippet":"max-snippet:-1","max-image-preview":"max-image-preview:large","max-video-preview":"max-video-preview:-1"},"canonical":"https:\/\/provence-evasion.ch\/fr\/les-conditions\/","og_locale":"fr_FR","og_type":"article","og_title":"Die Leistungen - Provence Evasion","og_description":"In den Mietkosten inbegriffen sind: Ankunft und Betreuung Nebenkosten Die Kosten f\u00fcr Elektro-\/Solarheizung sowie Telefonate und kostenpflichtige Filmdownloads sind nicht im Mietpreis enthalten. Die Verrechnung erfolgt nach dem Aufenthalt und gem\u00e4ss Kostenaufstellung von EDF &amp; Nordnet. Bezahlung Die Mietkosten sind sp\u00e4testens 1 Monat vor Ferienbeginn zu begleichen.Bei Vertragsunterzeichnung wird eine Akonto Zahlung von 30 Prozent [&hellip;]","og_url":"https:\/\/provence-evasion.ch\/fr\/les-conditions\/","og_site_name":"Provence Evasion","article_modified_time":"2025-08-12T11:45:39+00:00","og_image":[{"width":1001,"height":277,"url":"https:\/\/provence-evasion.ch\/wp-content\/uploads\/2024\/01\/Header_Innenhof_1.jpeg","type":"image\/jpeg"}],"twitter_card":"summary_large_image","twitter_misc":{"Dur\u00e9e de lecture estim\u00e9e":"2 minutes"},"schema":{"@context":"https:\/\/schema.org","@graph":[{"@type":"WebPage","@id":"https:\/\/provence-evasion.ch\/die-leistungen\/","url":"https:\/\/provence-evasion.ch\/die-leistungen\/","name":"Die Leistungen - Provence Evasion","isPartOf":{"@id":"https:\/\/provence-evasion.ch\/#website"},"primaryImageOfPage":{"@id":"https:\/\/provence-evasion.ch\/die-leistungen\/#primaryimage"},"image":{"@id":"https:\/\/provence-evasion.ch\/die-leistungen\/#primaryimage"},"thumbnailUrl":"https:\/\/provence-evasion.ch\/wp-content\/uploads\/2024\/01\/Header_Innenhof_1.jpeg","datePublished":"2023-10-18T12:49:54+00:00","dateModified":"2025-08-12T11:45:39+00:00","breadcrumb":{"@id":"https:\/\/provence-evasion.ch\/die-leistungen\/#breadcrumb"},"inLanguage":"fr-FR","potentialAction":[{"@type":"ReadAction","target":["https:\/\/provence-evasion.ch\/die-leistungen\/"]}]},{"@type":"ImageObject","inLanguage":"fr-FR","@id":"https:\/\/provence-evasion.ch\/die-leistungen\/#primaryimage","url":"https:\/\/provence-evasion.ch\/wp-content\/uploads\/2024\/01\/Header_Innenhof_1.jpeg","contentUrl":"https:\/\/provence-evasion.ch\/wp-content\/uploads\/2024\/01\/Header_Innenhof_1.jpeg","width":1001,"height":277},{"@type":"BreadcrumbList","@id":"https:\/\/provence-evasion.ch\/die-leistungen\/#breadcrumb","itemListElement":[{"@type":"ListItem","position":1,"name":"Startseite","item":"https:\/\/provence-evasion.ch\/"},{"@type":"ListItem","position":2,"name":"Die Leistungen"}]},{"@type":"WebSite","@id":"https:\/\/provence-evasion.ch\/#website","url":"https:\/\/provence-evasion.ch\/","name":"Provence Evasion","description":"Traumhafte Ferien in der Provence","potentialAction":[{"@type":"SearchAction","target":{"@type":"EntryPoint","urlTemplate":"https:\/\/provence-evasion.ch\/?s={search_term_string}"},"query-input":{"@type":"PropertyValueSpecification","valueRequired":true,"valueName":"search_term_string"}}],"inLanguage":"fr-FR"}]}},"_links":{"self":[{"href":"https:\/\/provence-evasion.ch\/fr\/wp-json\/wp\/v2\/pages\/29108","targetHints":{"allow":["GET"]}}],"collection":[{"href":"https:\/\/provence-evasion.ch\/fr\/wp-json\/wp\/v2\/pages"}],"about":[{"href":"https:\/\/provence-evasion.ch\/fr\/wp-json\/wp\/v2\/types\/page"}],"author":[{"embeddable":true,"href":"https:\/\/provence-evasion.ch\/fr\/wp-json\/wp\/v2\/users\/2"}],"replies":[{"embeddable":true,"href":"https:\/\/provence-evasion.ch\/fr\/wp-json\/wp\/v2\/comments?post=29108"}],"version-history":[{"count":6,"href":"https:\/\/provence-evasion.ch\/fr\/wp-json\/wp\/v2\/pages\/29108\/revisions"}],"predecessor-version":[{"id":29465,"href":"https:\/\/provence-evasion.ch\/fr\/wp-json\/wp\/v2\/pages\/29108\/revisions\/29465"}],"wp:featuredmedia":[{"embeddable":true,"href":"https:\/\/provence-evasion.ch\/fr\/wp-json\/wp\/v2\/media\/29318"}],"wp:attachment":[{"href":"https:\/\/provence-evasion.ch\/fr\/wp-json\/wp\/v2\/media?parent=29108"}],"curies":[{"name":"wp","href":"https:\/\/api.w.org\/{rel}","templated":true}]}}